{"id":11899,"date":"2023-10-30T11:38:54","date_gmt":"2023-10-30T10:38:54","guid":{"rendered":"https:\/\/mmfestival.org\/cgv\/"},"modified":"2026-03-03T21:23:16","modified_gmt":"2026-03-03T20:23:16","slug":"cgv","status":"publish","type":"page","link":"https:\/\/mmfestival.org\/fr\/cgv\/","title":{"rendered":"CGV"},"content":{"rendered":"<h1><strong>Conditions g\u00e9n\u00e9rales de vente (CGV)<\/strong><\/h1>\n<h1><strong> &#8220;mediterranean music festival&#8221; \/ Ticket-Shop.<\/strong><\/h1>\n<p>En passant votre commande, vous acceptez les conditions g\u00e9n\u00e9rales de vente suivantes :<\/p>\n<p>Si vous commandez via notre portail web, vous recevrez les billets par mail, confortablement install\u00e9 chez vous o\u00f9 vous pourrez les imprimer, ou \u2013 solution plus \u00e9cologique &#8211; les enregistrer sur votre smartphone. Une fois \u00e0 la caisse, votre billet est contr\u00f4l\u00e9 au moyen du QRCode. Le paiement s&#8217;effectue par carte de cr\u00e9dit.<\/p>\n<p>Nous vous prions de prendre note que les billets d\u00e9j\u00e0 pay\u00e9s ne peuvent pas \u00eatre rembours\u00e9s. Votre commande en ligne est ferme et sera imm\u00e9diatement confirm\u00e9e par une r\u00e9ponse automatique de notre part. Si vous ne recevez pas d&#8217;e-mail de confirmation dans les 15 minutes qui suivent la commande, veuillez imp\u00e9rativement prendre contact avec nous.<\/p>\n<p data-start=\"1206\" data-end=\"1439\">Pour l\u2019achat de billets \u00e0 tarif r\u00e9duit appartenant \u00e0 des cat\u00e9gories sp\u00e9cifiques, lorsque ceux-ci sont propos\u00e9s par le mmfestival, vous \u00eates tenu(e) de pr\u00e9senter les justificatifs n\u00e9cessaires \u00e0 l\u2019entr\u00e9e, si ceux-ci vous sont demand\u00e9s.<\/p>\n<p data-start=\"1441\" data-end=\"1773\">En cas d\u2019annulation de concerts ou d\u2019autres \u00e9v\u00e9nements similaires payants organis\u00e9s par le mmfestival, le remboursement de la valeur des billets sera effectu\u00e9 via Stripe (syst\u00e8me de paiement interbancaire contract\u00e9 par le mmfestival) dans un d\u00e9lai de 3 \u00e0 15 jours \u00e0 compter de l\u2019annonce officielle de l\u2019annulation par le mmfestival.<\/p>\n<p><strong>mediterranean music festival<\/strong><\/p>\n<p><span lang=\"DE-CH\">Bahnhofstrasse 44,\u00a0<\/span><span lang=\"DE-CH\">8001 Z\u00fcrich<\/span><\/p>\n<p>Mail: info@mmfestival.ch<\/p>\n","protected":false},"excerpt":{"rendered":"Conditions g\u00e9n\u00e9rales de vente (CGV) &#8220;mediterranean music festival&#8221; \/ Ticket-Shop. En passant votre commande, vous acceptez les conditions g\u00e9n\u00e9rales de vente suivantes : Si vous commandez via notre portail web, vous recevrez les billets par mail, confortablement install\u00e9 chez vous o\u00f9 vous pourrez les imprimer, ou \u2013 solution plus \u00e9cologique &#8211; les enregistrer sur votre&#8230; <a class=\"view-article\" href=\"https:\/\/mmfestival.org\/fr\/cgv\/\">Voir l&#8217;article<\/a>","protected":false},"author":4,"featured_media":0,"parent":0,"menu_order":0,"comment_status":"closed","ping_status":"closed","template":"","meta":{"_acf_changed":false,"footnotes":""},"class_list":["post-11899","page","type-page","status-publish","hentry"],"acf":[],"_links":{"self":[{"href":"https:\/\/mmfestival.org\/fr\/wp-json\/wp\/v2\/pages\/11899","targetHints":{"allow":["GET"]}}],"collection":[{"href":"https:\/\/mmfestival.org\/fr\/wp-json\/wp\/v2\/pages"}],"about":[{"href":"https:\/\/mmfestival.org\/fr\/wp-json\/wp\/v2\/types\/page"}],"author":[{"embeddable":true,"href":"https:\/\/mmfestival.org\/fr\/wp-json\/wp\/v2\/users\/4"}],"replies":[{"embeddable":true,"href":"https:\/\/mmfestival.org\/fr\/wp-json\/wp\/v2\/comments?post=11899"}],"version-history":[{"count":5,"href":"https:\/\/mmfestival.org\/fr\/wp-json\/wp\/v2\/pages\/11899\/revisions"}],"predecessor-version":[{"id":21581,"href":"https:\/\/mmfestival.org\/fr\/wp-json\/wp\/v2\/pages\/11899\/revisions\/21581"}],"wp:attachment":[{"href":"https:\/\/mmfestival.org\/fr\/wp-json\/wp\/v2\/media?parent=11899"}],"curies":[{"name":"wp","href":"https:\/\/api.w.org\/{rel}","templated":true}]}}