{"id":11768,"date":"2023-10-20T13:53:56","date_gmt":"2023-10-20T11:53:56","guid":{"rendered":"https:\/\/mmfestival.org\/concerts\/"},"modified":"2025-10-04T16:58:33","modified_gmt":"2025-10-04T14:58:33","slug":"concerts","status":"publish","type":"page","link":"https:\/\/mmfestival.org\/fr\/","title":{"rendered":"Concerts"},"content":{"rendered":" \t\t\t\t<main class=\"main\">\n\t\t\t\t\t<ul class='concerts-container'>\n\t\t\t\t\t\t\t\t\t\t\t\t\t<li class=\"concert-item\">\n\t\t\t\t\t\t\t\t\n\t\t\t\t\t\t\t\t<div class=\"concert-img-container\">\n\t\t\t\t\t\t\t\t<a class=\"concert-url\" href='https:\/\/mmfestival.org\/fr\/concert\/layali-amanes\/'>\n\t\t\t\t\t\t\t\t\t\n\t\t\t\t\t\t\t\t\t<div class=\"learn-more\">\n\t\t\t\t\t\t\t\t\t\t<p class=\"concert-linkTexts\">en savoir plus\t\t\t\t\t\t\t\t\t\t<svg width=\"17\" height=\"15\" viewBox=\"0 0 17 15\" fill=\"none\" xmlns=\"http:\/\/www.w3.org\/2000\/svg\">\n<path d=\"M0 7.50024H15M15 7.50024L10 1.50024M15 7.50024L10 13.5002\" stroke=\"#3EA8B8\" stroke-width=\"2\"><\/path>\n<\/svg>\n\t\t\t\t\t\t\t\t\t\t<\/p>\n\t\t\t\t\t\t\t\t\t\t\t\t\t\t\t\t\t\t\t\t\n\t\t\t\t\t\t\t\t\t\t\n\t\t\t\t\t\t\t\t\t<\/div>\n\t\t\t\n\t\t\t\t\t\t\t\t\t\n\t\t\t\t\t\t\t\t\t<img decoding=\"async\" src=\"https:\/\/mmfestival.org\/wp-content\/uploads\/2023\/12\/LAYALI-AND-AMANES_02.jpg\" class=\"attachment-full size-full wp-post-image\" alt=\"\" srcset=\"https:\/\/mmfestival.org\/wp-content\/uploads\/2023\/12\/LAYALI-AND-AMANES_02.jpg 1200w, https:\/\/mmfestival.org\/wp-content\/uploads\/2023\/12\/LAYALI-AND-AMANES_02-250x167.jpg 250w, https:\/\/mmfestival.org\/wp-content\/uploads\/2023\/12\/LAYALI-AND-AMANES_02-700x467.jpg 700w, https:\/\/mmfestival.org\/wp-content\/uploads\/2023\/12\/LAYALI-AND-AMANES_02-768x512.jpg 768w, https:\/\/mmfestival.org\/wp-content\/uploads\/2023\/12\/LAYALI-AND-AMANES_02-120x80.jpg 120w, https:\/\/mmfestival.org\/wp-content\/uploads\/2023\/12\/LAYALI-AND-AMANES_02-600x400.jpg 600w\" sizes=\"(max-width: 1200px) 100vw, 1200px\" \/>\t\t\t\t\t\t\t    <\/a>\n\t\t\t\t\t\t\t\t<\/div>\n\t\t\t\t\t\t\t\t<div class=\"concert-information-container\">\n\t\t\t\t\t\t\t\t\t<div class=\"concert-information\" data-inline=\"true\">\n\t\t\t\t\t\t\t\t\t\t<a class=\"concert-url\" href='https:\/\/mmfestival.org\/fr\/concert\/layali-amanes\/'>\n\t\t\t\t\t\t\t\t\t\t<h2 class=\"concert-bandNames\">Lay\u00e2li &#038; Amanes (GR &#8211; MA)<\/h2>\n\t\t\t\t\t\t\t\t\t\t<\/a>\n\t\t\t\t\t\t\t\t\t\t\t\t\t\t\t\t\t\t\t\t<h3 class=\"concert-subtitle\">Voyage dans le maq\u00e2m, \u00e9chos de la M\u00e9diterran\u00e9e<\/h3>\n\t\t\t\t\t\t\t\t\t\t\t\t\t\t\t\t\t\t\t\t<!-- <p class=\"concert-excerpt\">Lay\u0101li et Aman\u00e9s \u2013 Voyage du maq\u00e2m, \u00e9chos de la M\u00e9diterran\u00e9e Lay\u0101li et Aman\u00e9s \u2013 Journey of the Maqam, Echoes of the Mediterranean explore les liens musicaux profonds entre les traditions arabo-andalouses et le r\u00e9b\u00e9tiko grec. Des \u00e9vocateurs ya lil,\u2026<\/p> -->\n\t\t\t\t\t\t\t\t\t\t<ul class=\"concert-date\">\n\t\t\t\t\t\t\t\t\t\t\t<li class='concert-date'><time class='concert-time'>11 Nov<\/time><p class='concert-city'>Kulturkirche Basel<\/p><\/li><li class='concert-date'><time class='concert-time'>12 Nov<\/time><p class='concert-city'>Predigerkirche Z\u00fcrich<\/p><\/li><li class='concert-date'><time class='concert-time'>13 Nov<\/time><p class='concert-city'>Pauluskirche Bern<\/p><\/li><li class='concert-date'><time class='concert-time'>14 Nov<\/time><p class='concert-city'>Temple de la Madeleine Gen\u00e8ve<\/p><\/li>\t\t\t\t\t\t\t\t\t\t<\/ul>\n\t\t\t\t\t\t\t\t\t\t\n\t\t\t\t\t\t\t\t\t\t\n\t\t\t\n\t\t\t\t\t\t\t\t\t<\/div>\n\t\t\t\t\t\t\t\t<\/div>\n\t\t\t\t\t\t\t \t\n\t\t\t\t\t\t\t\t\t\t\t\t\t\t\n\t\t\t\t\t\t\t\t\n\t\t\t\t\t\t\t\t\n\t\t\t\t\t\t\t<\/li>\n\t\t\t\t\t\t\t\t\t\t\t\t\t\t\t\t\t\t\t<\/ul>\n\t\t\t\t\t\t\n\t\t\t\t<\/main>\n\t\n\n\n\n\n","protected":false},"excerpt":{"rendered":"","protected":false},"author":17,"featured_media":0,"parent":0,"menu_order":0,"comment_status":"closed","ping_status":"closed","template":"template-home.php","meta":{"_acf_changed":false,"footnotes":""},"class_list":["post-11768","page","type-page","status-publish","hentry"],"acf":[],"_links":{"self":[{"href":"https:\/\/mmfestival.org\/fr\/wp-json\/wp\/v2\/pages\/11768","targetHints":{"allow":["GET"]}}],"collection":[{"href":"https:\/\/mmfestival.org\/fr\/wp-json\/wp\/v2\/pages"}],"about":[{"href":"https:\/\/mmfestival.org\/fr\/wp-json\/wp\/v2\/types\/page"}],"author":[{"embeddable":true,"href":"https:\/\/mmfestival.org\/fr\/wp-json\/wp\/v2\/users\/17"}],"replies":[{"embeddable":true,"href":"https:\/\/mmfestival.org\/fr\/wp-json\/wp\/v2\/comments?post=11768"}],"version-history":[{"count":3,"href":"https:\/\/mmfestival.org\/fr\/wp-json\/wp\/v2\/pages\/11768\/revisions"}],"predecessor-version":[{"id":16488,"href":"https:\/\/mmfestival.org\/fr\/wp-json\/wp\/v2\/pages\/11768\/revisions\/16488"}],"wp:attachment":[{"href":"https:\/\/mmfestival.org\/fr\/wp-json\/wp\/v2\/media?parent=11768"}],"curies":[{"name":"wp","href":"https:\/\/api.w.org\/{rel}","templated":true}]}}