{"id":11758,"date":"2023-10-20T13:43:51","date_gmt":"2023-10-20T11:43:51","guid":{"rendered":"https:\/\/mmfestival.org\/parrainer\/"},"modified":"2024-03-05T21:52:52","modified_gmt":"2024-03-05T20:52:52","slug":"parrainer","status":"publish","type":"page","link":"https:\/\/mmfestival.org\/fr\/parrainer\/","title":{"rendered":"Parrainer"},"content":{"rendered":"\n<p><strong>Nous remercions nos sponsors qui soutiennent constamment le &#8220;mediterranean music festival&#8221;.<\/strong><\/p>\n\n<h2 class=\"wp-block-heading\"><\/h2>\n\n<div class=\"wp-block-columns sponsor-container is-layout-flex wp-container-core-columns-is-layout-9d6595d7 wp-block-columns-is-layout-flex\">\n<div class=\"wp-block-column is-layout-flow wp-block-column-is-layout-flow\" style=\"flex-basis:35%\">\n<figure class=\"wp-block-image size-full is-resized\"><a href=\"https:\/\/www.zh.ch\/de\/sport-kultur\/kultur\/kulturfoerderung.html\"><img loading=\"lazy\" decoding=\"async\" width=\"567\" height=\"178\" src=\"https:\/\/mmfestival.org\/wp-content\/uploads\/2017\/09\/KantonZHLogoFarbe.png\" alt=\"Service de la culture du canton de Zurich \" class=\"wp-image-1560\" style=\"width:284px;height:89px\" srcset=\"https:\/\/mmfestival.org\/wp-content\/uploads\/2017\/09\/KantonZHLogoFarbe.png 567w, https:\/\/mmfestival.org\/wp-content\/uploads\/2017\/09\/KantonZHLogoFarbe-250x78.png 250w, https:\/\/mmfestival.org\/wp-content\/uploads\/2017\/09\/KantonZHLogoFarbe-120x38.png 120w\" sizes=\"(max-width: 567px) 100vw, 567px\" \/><\/a><\/figure>\n<\/div>\n\n\n\n<div class=\"wp-block-column is-layout-flow wp-block-column-is-layout-flow\" style=\"flex-basis:65%\">\n<p>Nous remercions chaleureusement le service culturel du Canton de Zurich pour son soutien constant depuis 2014 et en particulier pour l\u2019ann\u00e9e 2023.&#13;\n<\/p>\n\n\n\n<p>Nous esp\u00e9rons poursuivre notre collaboration fructueuse lors des nos futures manifestations.<\/p>\n\n\n\n<h2 class=\"wp-block-heading\"><\/h2>\n\n\n\n<div class=\"wp-block-buttons is-layout-flex wp-block-buttons-is-layout-flex\">\n<div class=\"wp-block-button has-custom-width wp-block-button__width-50 has-custom-font-size is-style-outline has-small-font-size is-style-outline--1\"><a class=\"wp-block-button__link wp-element-button\" href=\"https:\/\/www.zh.ch\/de\/sport-kultur\/kultur\/kulturfoerderung.html\" style=\"border-radius:0px\" target=\"_blank\" rel=\"noreferrer noopener\">site web<\/a><\/div>\n<\/div>\n<\/div>\n<\/div>\n\n<div class=\"wp-block-columns sponsor-container is-layout-flex wp-container-core-columns-is-layout-9d6595d7 wp-block-columns-is-layout-flex\">\n<div class=\"wp-block-column is-layout-flow wp-block-column-is-layout-flow\" style=\"flex-basis:35%\">\n<figure class=\"wp-block-gallery has-nested-images columns-default is-cropped wp-block-gallery-2 is-layout-flex wp-block-gallery-is-layout-flex\">\n<figure class=\"wp-block-image size-full\"><img loading=\"lazy\" decoding=\"async\" width=\"1800\" height=\"414\" data-id=\"11931\" src=\"https:\/\/mmfestival.org\/wp-content\/uploads\/2023\/10\/migros-kulturprozent-rgb-logo-300dpi-de.png\" alt=\"\" class=\"wp-image-11931\" srcset=\"https:\/\/mmfestival.org\/wp-content\/uploads\/2023\/10\/migros-kulturprozent-rgb-logo-300dpi-de.png 1800w, https:\/\/mmfestival.org\/wp-content\/uploads\/2023\/10\/migros-kulturprozent-rgb-logo-300dpi-de-250x58.png 250w, https:\/\/mmfestival.org\/wp-content\/uploads\/2023\/10\/migros-kulturprozent-rgb-logo-300dpi-de-700x161.png 700w, https:\/\/mmfestival.org\/wp-content\/uploads\/2023\/10\/migros-kulturprozent-rgb-logo-300dpi-de-768x177.png 768w, https:\/\/mmfestival.org\/wp-content\/uploads\/2023\/10\/migros-kulturprozent-rgb-logo-300dpi-de-1536x353.png 1536w, https:\/\/mmfestival.org\/wp-content\/uploads\/2023\/10\/migros-kulturprozent-rgb-logo-300dpi-de-120x28.png 120w, https:\/\/mmfestival.org\/wp-content\/uploads\/2023\/10\/migros-kulturprozent-rgb-logo-300dpi-de-600x138.png 600w\" sizes=\"(max-width: 1800px) 100vw, 1800px\" \/><\/figure>\n<\/figure>\n<\/div>\n\n\n\n<div class=\"wp-block-column is-layout-flow wp-block-column-is-layout-flow\" style=\"flex-basis:65%\">\n<p>Un grand merci \u00e9galement au Pour-cent culturel Migros pour son soutien constant depuis 2014 et en particulier pour l\u2019ann\u00e9e 2023.<\/p>\n\n\n\n<p>Nous esp\u00e9rons poursuivre notre collaboration \u00e0 l\u2019occasion de nos prochaines manifestations.<\/p>\n\n\n\n<h2 class=\"wp-block-heading\"><\/h2>\n\n\n\n<div class=\"wp-block-buttons is-layout-flex wp-block-buttons-is-layout-flex\">\n<div class=\"wp-block-button has-custom-width wp-block-button__width-50 has-custom-font-size is-style-outline has-small-font-size is-style-outline--3\"><a class=\"wp-block-button__link wp-element-button\" href=\"https:\/\/engagement.migros.ch\/de\/kulturprozent\" style=\"border-radius:0px\" target=\"_blank\" rel=\"noreferrer noopener\">site web<\/a><\/div>\n<\/div>\n<\/div>\n<\/div>\n\n<div class=\"wp-block-columns sponsor-container is-layout-flex wp-container-core-columns-is-layout-9d6595d7 wp-block-columns-is-layout-flex\">\n<div class=\"wp-block-column is-layout-flow wp-block-column-is-layout-flow\" style=\"flex-basis:35%\">\n<figure class=\"wp-block-image size-full is-resized\"><a href=\"https:\/\/rotefabrik.ch\/#\/\"><img loading=\"lazy\" decoding=\"async\" width=\"299\" height=\"169\" src=\"https:\/\/mmfestival.org\/wp-content\/uploads\/2018\/10\/R.F.-logo.png\" alt=\"R.F.-logo\" class=\"wp-image-4001\" srcset=\"https:\/\/mmfestival.org\/wp-content\/uploads\/2018\/10\/R.F.-logo.png 299w, https:\/\/mmfestival.org\/wp-content\/uploads\/2018\/10\/R.F.-logo-250x141.png 250w, https:\/\/mmfestival.org\/wp-content\/uploads\/2018\/10\/R.F.-logo-120x68.png 120w\" sizes=\"(max-width: 299px) 100vw, 299px\" \/><\/a><\/figure>\n<\/div>\n\n\n\n<div class=\"wp-block-column is-layout-flow wp-block-column-is-layout-flow\" style=\"flex-basis:65%\">\n<p>Depuis 2019, nous avons entam\u00e9 une merveilleuse collaboration avec le Rote Fabrik \u00e0 Zurich. Nombre de nos concerts y ont eu lieu et la collaboration a toujours \u00e9t\u00e9 tr\u00e8s fructueuse.<\/p>\n\n\n\n<p>Nous tenons \u00e0 le remercier chaleureusement pour son soutien.<\/p>\n\n\n\n<h2 class=\"wp-block-heading\"><\/h2>\n\n\n\n<div class=\"wp-block-buttons is-layout-flex wp-block-buttons-is-layout-flex\">\n<div class=\"wp-block-button has-custom-width wp-block-button__width-50 has-custom-font-size is-style-outline has-small-font-size is-style-outline--4\"><a class=\"wp-block-button__link wp-element-button\" href=\"https:\/\/rotefabrik.ch\/#\/\" style=\"border-radius:0px\" target=\"_blank\" rel=\"noreferrer noopener\">site web<\/a><\/div>\n<\/div>\n<\/div>\n<\/div>\n\n<div class=\"wp-block-columns sponsor-container is-layout-flex wp-container-core-columns-is-layout-9d6595d7 wp-block-columns-is-layout-flex\">\n<div class=\"wp-block-column is-layout-flow wp-block-column-is-layout-flow\" style=\"flex-basis:35%\">\n<figure class=\"wp-block-gallery has-nested-images columns-default is-cropped wp-block-gallery-5 is-layout-flex wp-block-gallery-is-layout-flex\">\n<figure class=\"wp-block-image size-full\"><a href=\"https:\/\/www.exteriores.gob.es\/Embajadas\/berna\/en\/Paginas\/index.aspx\"><img loading=\"lazy\" decoding=\"async\" width=\"1651\" height=\"372\" data-id=\"14541\" src=\"https:\/\/mmfestival.org\/wp-content\/uploads\/2023\/09\/Emb-SuizaCE_3.jpg\" alt=\"\" class=\"wp-image-14541\" srcset=\"https:\/\/mmfestival.org\/wp-content\/uploads\/2023\/09\/Emb-SuizaCE_3.jpg 1651w, https:\/\/mmfestival.org\/wp-content\/uploads\/2023\/09\/Emb-SuizaCE_3-250x56.jpg 250w, https:\/\/mmfestival.org\/wp-content\/uploads\/2023\/09\/Emb-SuizaCE_3-700x158.jpg 700w, https:\/\/mmfestival.org\/wp-content\/uploads\/2023\/09\/Emb-SuizaCE_3-768x173.jpg 768w, https:\/\/mmfestival.org\/wp-content\/uploads\/2023\/09\/Emb-SuizaCE_3-1536x346.jpg 1536w, https:\/\/mmfestival.org\/wp-content\/uploads\/2023\/09\/Emb-SuizaCE_3-120x27.jpg 120w, https:\/\/mmfestival.org\/wp-content\/uploads\/2023\/09\/Emb-SuizaCE_3-600x135.jpg 600w\" sizes=\"(max-width: 1651px) 100vw, 1651px\" \/><\/a><\/figure>\n<\/figure>\n<\/div>\n\n\n\n<div class=\"wp-block-column is-layout-flow wp-block-column-is-layout-flow\" style=\"flex-basis:65%\">\n<p>Nous remercions l&#8217;Ambassade d&#8217;Espagne en Suisse pour son soutien dans la r\u00e9alisation du concert avec le groupe de musique &#8220;Las Migas&#8221;.<\/p>\n\n\n\n<h2 class=\"wp-block-heading\"><\/h2>\n\n\n\n<div class=\"wp-block-buttons is-layout-flex wp-block-buttons-is-layout-flex\">\n<div class=\"wp-block-button has-custom-width wp-block-button__width-50 has-custom-font-size is-style-outline has-small-font-size is-style-outline--6\"><a class=\"wp-block-button__link wp-element-button\" href=\"https:\/\/www.exteriores.gob.es\/Embajadas\/berna\/en\/Paginas\/index.aspx\" style=\"border-radius:0px\" target=\"_blank\" rel=\"noreferrer noopener\">site web<\/a><\/div>\n<\/div>\n<\/div>\n<\/div>\n","protected":false},"excerpt":{"rendered":"Nous remercions nos sponsors qui soutiennent constamment le &#8220;mediterranean music festival&#8221;. Nous remercions chaleureusement le service culturel du Canton de Zurich pour son soutien constant depuis 2014 et en particulier pour l\u2019ann\u00e9e 2023.&#13; Nous esp\u00e9rons poursuivre notre collaboration fructueuse lors des nos futures manifestations. Un grand merci \u00e9galement au Pour-cent culturel Migros pour son soutien&#8230; <a class=\"view-article\" href=\"https:\/\/mmfestival.org\/fr\/parrainer\/\">Voir l&#8217;article<\/a>","protected":false},"author":5,"featured_media":0,"parent":0,"menu_order":0,"comment_status":"closed","ping_status":"closed","template":"","meta":{"_acf_changed":false,"footnotes":""},"class_list":["post-11758","page","type-page","status-publish","hentry"],"acf":[],"_links":{"self":[{"href":"https:\/\/mmfestival.org\/fr\/wp-json\/wp\/v2\/pages\/11758","targetHints":{"allow":["GET"]}}],"collection":[{"href":"https:\/\/mmfestival.org\/fr\/wp-json\/wp\/v2\/pages"}],"about":[{"href":"https:\/\/mmfestival.org\/fr\/wp-json\/wp\/v2\/types\/page"}],"author":[{"embeddable":true,"href":"https:\/\/mmfestival.org\/fr\/wp-json\/wp\/v2\/users\/5"}],"replies":[{"embeddable":true,"href":"https:\/\/mmfestival.org\/fr\/wp-json\/wp\/v2\/comments?post=11758"}],"version-history":[{"count":9,"href":"https:\/\/mmfestival.org\/fr\/wp-json\/wp\/v2\/pages\/11758\/revisions"}],"predecessor-version":[{"id":14555,"href":"https:\/\/mmfestival.org\/fr\/wp-json\/wp\/v2\/pages\/11758\/revisions\/14555"}],"wp:attachment":[{"href":"https:\/\/mmfestival.org\/fr\/wp-json\/wp\/v2\/media?parent=11758"}],"curies":[{"name":"wp","href":"https:\/\/api.w.org\/{rel}","templated":true}]}}